{"id":8,"date":"2014-04-21T22:56:01","date_gmt":"2014-04-21T20:56:01","guid":{"rendered":"http:\/\/xn--mooshusl-4za.com\/wordpress\/?page_id=8"},"modified":"2021-05-02T09:29:14","modified_gmt":"2021-05-02T07:29:14","slug":"ihre-gastgeber","status":"publish","type":"page","link":"http:\/\/xn--mooshusl-4za.com\/wordpress\/ihre-gastgeber\/","title":{"rendered":"Ihre Gastgeber"},"content":{"rendered":"\n<p>Liebe G\u00e4ste,<\/p>\n\n\n\n<p><\/p>\n\n\n\n<p>wir freuen uns auf Ihre Buchung oder auf einen pers\u00f6nlichen Anruf.<\/p>\n\n\n\n<p>Unter der Telefonnummer 08640 1466 k\u00f6nnen Sie uns jederzeit erreichen,<\/p>\n\n\n\n<p>falls wir nicht da sind, k\u00f6nnen Sie gerne eine Nachricht hinterlassen, wir rufen Sie dann schnellst m\u00f6glichst zur\u00fcck.<\/p>\n\n\n\n<p><\/p>\n\n\n\n<p><\/p>\n\n\n\n<p><\/p>\n\n\n\n<p><\/p>\n\n\n<p style=\"text-align: center;\"><strong><em>Wir freuen uns auf Sie!<\/em><br \/><\/strong><\/p>\n<p>\u00a0<\/p>","protected":false},"excerpt":{"rendered":"<p>Liebe G\u00e4ste, wir freuen uns auf Ihre Buchung oder auf einen pers\u00f6nlichen Anruf. Unter der Telefonnummer 08640 1466 k\u00f6nnen Sie uns jederzeit erreichen, falls wir nicht da sind, k\u00f6nnen Sie gerne eine Nachricht hinterlassen, wir rufen Sie dann schnellst m\u00f6glichst zur\u00fcck. Wir freuen uns auf Sie! \u00a0<\/p>\n","protected":false},"author":1,"featured_media":0,"parent":0,"menu_order":0,"comment_status":"closed","ping_status":"closed","template":"","meta":{"ngg_post_thumbnail":0},"_links":{"self":[{"href":"http:\/\/xn--mooshusl-4za.com\/wordpress\/wp-json\/wp\/v2\/pages\/8"}],"collection":[{"href":"http:\/\/xn--mooshusl-4za.com\/wordpress\/wp-json\/wp\/v2\/pages"}],"about":[{"href":"http:\/\/xn--mooshusl-4za.com\/wordpress\/wp-json\/wp\/v2\/types\/page"}],"author":[{"embeddable":true,"href":"http:\/\/xn--mooshusl-4za.com\/wordpress\/wp-json\/wp\/v2\/users\/1"}],"replies":[{"embeddable":true,"href":"http:\/\/xn--mooshusl-4za.com\/wordpress\/wp-json\/wp\/v2\/comments?post=8"}],"version-history":[{"count":4,"href":"http:\/\/xn--mooshusl-4za.com\/wordpress\/wp-json\/wp\/v2\/pages\/8\/revisions"}],"predecessor-version":[{"id":773,"href":"http:\/\/xn--mooshusl-4za.com\/wordpress\/wp-json\/wp\/v2\/pages\/8\/revisions\/773"}],"wp:attachment":[{"href":"http:\/\/xn--mooshusl-4za.com\/wordpress\/wp-json\/wp\/v2\/media?parent=8"}],"curies":[{"name":"wp","href":"https:\/\/api.w.org\/{rel}","templated":true}]}}