{"id":429,"date":"2014-10-04T23:10:39","date_gmt":"2014-10-04T21:10:39","guid":{"rendered":"http:\/\/xn--mooshusl-4za.com\/wordpress\/?page_id=429"},"modified":"2021-07-12T20:06:19","modified_gmt":"2021-07-12T18:06:19","slug":"angebote","status":"publish","type":"page","link":"http:\/\/xn--mooshusl-4za.com\/wordpress\/angebote\/","title":{"rendered":"Angebote"},"content":{"rendered":"<p>Als Gast in einer unserer Ferienwohnungen erhalten Sie die Reit im Winkl Card. Mit dieser erhalten Sie kostenlosen Eintritt in das Hallen- und Freibad Reit im Winkl.<\/p>\n<p>In der Wintersaison k\u00f6nnen sie kostenlos den Ortsbus benutzen, der mehrmals am Tag fast direkt vor der Haust\u00fcr losf\u00e4hrt.<\/p>\n<p>Sollten sie noch Anregungen suchen, was sie unternehmen k\u00f6nnen, finden Sie hier den Link zum Veranstaltungskalender der Region.<br \/>\n<a href=\"http:\/\/www.chiemgau-tourismus.de\/veranstaltungen\" target=\"_blank\" rel=\"noopener noreferrer\">http:\/\/www.chiemgau-tourismus.de\/veranstaltungen<\/a><\/p>\n","protected":false},"excerpt":{"rendered":"<p>Als Gast in einer unserer Ferienwohnungen erhalten Sie die Reit im Winkl Card. Mit dieser erhalten Sie kostenlosen Eintritt in das Hallen- und Freibad Reit im Winkl. In der Wintersaison k\u00f6nnen sie kostenlos den Ortsbus benutzen, der mehrmals am Tag fast direkt vor der Haust\u00fcr losf\u00e4hrt. Sollten sie noch Anregungen suchen, was sie unternehmen k\u00f6nnen, &hellip; <a href=\"http:\/\/xn--mooshusl-4za.com\/wordpress\/angebote\/\" class=\"more-link\"><span class=\"screen-reader-text\">Angebote<\/span> weiterlesen <span class=\"meta-nav\">&rarr;<\/span><\/a><\/p>\n","protected":false},"author":1,"featured_media":0,"parent":0,"menu_order":0,"comment_status":"closed","ping_status":"open","template":"","meta":{"ngg_post_thumbnail":0},"_links":{"self":[{"href":"http:\/\/xn--mooshusl-4za.com\/wordpress\/wp-json\/wp\/v2\/pages\/429"}],"collection":[{"href":"http:\/\/xn--mooshusl-4za.com\/wordpress\/wp-json\/wp\/v2\/pages"}],"about":[{"href":"http:\/\/xn--mooshusl-4za.com\/wordpress\/wp-json\/wp\/v2\/types\/page"}],"author":[{"embeddable":true,"href":"http:\/\/xn--mooshusl-4za.com\/wordpress\/wp-json\/wp\/v2\/users\/1"}],"replies":[{"embeddable":true,"href":"http:\/\/xn--mooshusl-4za.com\/wordpress\/wp-json\/wp\/v2\/comments?post=429"}],"version-history":[{"count":5,"href":"http:\/\/xn--mooshusl-4za.com\/wordpress\/wp-json\/wp\/v2\/pages\/429\/revisions"}],"predecessor-version":[{"id":786,"href":"http:\/\/xn--mooshusl-4za.com\/wordpress\/wp-json\/wp\/v2\/pages\/429\/revisions\/786"}],"wp:attachment":[{"href":"http:\/\/xn--mooshusl-4za.com\/wordpress\/wp-json\/wp\/v2\/media?parent=429"}],"curies":[{"name":"wp","href":"https:\/\/api.w.org\/{rel}","templated":true}]}}