{"id":25,"date":"2014-04-22T00:11:50","date_gmt":"2014-04-21T22:11:50","guid":{"rendered":"http:\/\/xn--mooshusl-4za.com\/wordpress\/?page_id=25"},"modified":"2025-03-21T11:00:54","modified_gmt":"2025-03-21T09:00:54","slug":"unser-haus-2","status":"publish","type":"page","link":"http:\/\/xn--mooshusl-4za.com\/wordpress\/","title":{"rendered":"Unser Haus"},"content":{"rendered":"\n\n\n<p>Liebe Besucher unserer Homepage,<\/p>\n<p>Wir w\u00fcrden uns freuen, bei Interesse, pers\u00f6nlich mit uns in Kontakt zu treten.<\/p>\n<p>Bitte senden Sie uns bei einer Buchung eine Nachricht per E-Mail an\u00a0<\/p>\n<p>schuster@mooshaus.de<\/p>\n<p>damit wir die Buchung best\u00e4tigen k\u00f6nnen,\u00a0 nur mir einer Buchungsbest\u00e4tigung ist die Buchung g\u00fcltig.\u00a0<\/p>\n<p>Waltraud und Werner Schuster<\/p>\n<p>08640 1466 oder 0170 9329734<\/p>\n<p>schuster@mooshaus.de<\/p>\n\n\n\n<p>Das Ferienhaus &#8222;Moosh\u00e4usl liegt in einer der sch\u00f6nsten Ecke Reit im Winkls, im Ortsteil Oberbichl, in der N\u00e4he des Golfplatzes, ca. 20 Gehminuten vom Ortskern Reit im Winkl entfernt.<\/p>\n\n\n\n<p class=\"has-text-align-left\">Das &#8222;Moosh\u00e4usl&#8220; verf\u00fcgt \u00fcber zwei Ferienwohnungen f\u00fcr&nbsp; zwei bis drei Personen im ersten Stock.<\/p>\n\n\n\n<p class=\"has-text-align-left\">Die Ferienwohnungen Bergblick und Apfelbaum sind ausschlie\u00dflich mit Holzb\u00f6den versehen, es gibt keinen Teppichboden.<\/p>\n\n\n\n<p class=\"has-text-align-left\"><\/p>\n\n\n\n<p>Au\u00dferdem gibt es&nbsp; ein Appartement f\u00fcr zwei Personen im zweiten Stock mit einem sehr sch\u00f6nen Blick in die Berge.<\/p>\n\n\n\n<p class=\"has-text-align-left\">Unser Aufenthaltsraum steht f\u00fcr alle G\u00e4ste zur gemeinsamen Nutzung zur Verf\u00fcgung. <\/p>\n\n\n\n<p class=\"has-text-align-left\">Die traumhafte Lage bietet ein einzigartiges Ausblick auf den Wilden Kaiser und auf den Zahmen Kaiser.<\/p>\n\n\n\n<p class=\"has-text-align-left\">Falls Sie die absolute Ruhe suchen, k\u00f6nnen Sie auch ohne Auto viele Wanderungen und Bergtouren direkt vor unserer Haust\u00fcre aus beginnen.<\/p>\n\n\n\n<p class=\"has-text-align-left\">Zu jeder Jahreszeit bietet das Tal zwischen Chiemsee und Kaisergebirge f\u00fcr einen Urlaub alles was das Herz begehrt.<\/p>\n\n\n\n<p class=\"has-text-align-left\">&nbsp;Im Winter sind alle Sportarten wie Skifahren, Rodeln, Langlaufen und vor allem wunderbare lange Winterwanderungen auf gesondert ausgeschilderten und pr\u00e4parierten &#8222;Premiumwanderwegen&#8220; m\u00f6glich.<\/p>\n\n\n\n<p class=\"has-text-align-left\">Im Sommer bietet Reit im Winkl einen Ausgangspunkt f\u00fcr lange Wanderungen,<br>Bergtouren, Mountainbike-Touren, Radl-Touren oder baden im Freibad oder im Weitsee, im Walchsee oder Chiemsee.<\/p>\n\n\n\n<p class=\"has-text-align-left\">Die St\u00e4dte M\u00fcnchen, Berchtesgaden, Salzburg oder Innsbruck sind f\u00fcr einen Tagesausflug besonders geeignet und sehenswert.<\/p>\n\n\n\n<p class=\"has-text-align-left\">Was unser Moosh\u00e4usl aber vor allem bietet, ist die unverbaute und unverf\u00e4lschte Natur, die zu jeder Jahreszeit die absolute Erholung garantiert. Wir werden alles daran setzen, Ihren kostbaren Urlaub f\u00fcr Sie zum wahren &#8222;Erholungsurlaub&#8220; zu machen.<\/p>\n\n\n\n<p class=\"has-text-align-center\"><em>Sie werden ihr Urlaubsherz hier verlieren!<\/em><\/p>\n\n\n\n<figure class=\"wp-block-gallery has-nested-images columns-default is-cropped wp-block-gallery-1 is-layout-flex\">\n<figure class=\"wp-block-image size-large\"><a href=\"http:\/\/xn--mooshusl-4za.com\/wordpress\/wp-content\/uploads\/2023\/06\/Aufenthaltsraum-4-scaled.jpg\"><img decoding=\"async\" loading=\"lazy\" width=\"683\" height=\"1024\" data-id=\"1077\"  src=\"http:\/\/xn--mooshusl-4za.com\/wordpress\/wp-content\/uploads\/2023\/06\/Aufenthaltsraum-4-683x1024.jpg\" alt=\"\" class=\"wp-image-1077\" srcset=\"http:\/\/xn--mooshusl-4za.com\/wordpress\/wp-content\/uploads\/2023\/06\/Aufenthaltsraum-4-683x1024.jpg 683w, http:\/\/xn--mooshusl-4za.com\/wordpress\/wp-content\/uploads\/2023\/06\/Aufenthaltsraum-4-200x300.jpg 200w, http:\/\/xn--mooshusl-4za.com\/wordpress\/wp-content\/uploads\/2023\/06\/Aufenthaltsraum-4-768x1152.jpg 768w, http:\/\/xn--mooshusl-4za.com\/wordpress\/wp-content\/uploads\/2023\/06\/Aufenthaltsraum-4-1024x1536.jpg 1024w, http:\/\/xn--mooshusl-4za.com\/wordpress\/wp-content\/uploads\/2023\/06\/Aufenthaltsraum-4-1365x2048.jpg 1365w, http:\/\/xn--mooshusl-4za.com\/wordpress\/wp-content\/uploads\/2023\/06\/Aufenthaltsraum-4-scaled.jpg 1707w\" sizes=\"(max-width: 683px) 100vw, 683px\" \/><\/a><\/figure>\n\n\n\n<figure class=\"wp-block-image size-large\"><a href=\"http:\/\/xn--mooshusl-4za.com\/wordpress\/wp-content\/uploads\/2023\/06\/Aufenthaltsraum-2-scaled.jpg\"><img decoding=\"async\" loading=\"lazy\" width=\"683\" height=\"1024\" data-id=\"1076\"  src=\"http:\/\/xn--mooshusl-4za.com\/wordpress\/wp-content\/uploads\/2023\/06\/Aufenthaltsraum-2-683x1024.jpg\" alt=\"\" class=\"wp-image-1076\" srcset=\"http:\/\/xn--mooshusl-4za.com\/wordpress\/wp-content\/uploads\/2023\/06\/Aufenthaltsraum-2-683x1024.jpg 683w, http:\/\/xn--mooshusl-4za.com\/wordpress\/wp-content\/uploads\/2023\/06\/Aufenthaltsraum-2-200x300.jpg 200w, http:\/\/xn--mooshusl-4za.com\/wordpress\/wp-content\/uploads\/2023\/06\/Aufenthaltsraum-2-768x1152.jpg 768w, http:\/\/xn--mooshusl-4za.com\/wordpress\/wp-content\/uploads\/2023\/06\/Aufenthaltsraum-2-1024x1536.jpg 1024w, http:\/\/xn--mooshusl-4za.com\/wordpress\/wp-content\/uploads\/2023\/06\/Aufenthaltsraum-2-1365x2048.jpg 1365w, http:\/\/xn--mooshusl-4za.com\/wordpress\/wp-content\/uploads\/2023\/06\/Aufenthaltsraum-2-scaled.jpg 1707w\" sizes=\"(max-width: 683px) 100vw, 683px\" \/><\/a><\/figure>\n\n\n\n<figure class=\"wp-block-image size-large\"><a href=\"http:\/\/xn--mooshusl-4za.com\/wordpress\/wp-content\/uploads\/2023\/06\/Aufenthaltsraum-3-scaled.jpg\"><img decoding=\"async\" loading=\"lazy\" width=\"1024\" height=\"683\" data-id=\"1074\"  src=\"http:\/\/xn--mooshusl-4za.com\/wordpress\/wp-content\/uploads\/2023\/06\/Aufenthaltsraum-3-1024x683.jpg\" alt=\"\" class=\"wp-image-1074\" srcset=\"http:\/\/xn--mooshusl-4za.com\/wordpress\/wp-content\/uploads\/2023\/06\/Aufenthaltsraum-3-1024x683.jpg 1024w, http:\/\/xn--mooshusl-4za.com\/wordpress\/wp-content\/uploads\/2023\/06\/Aufenthaltsraum-3-300x200.jpg 300w, http:\/\/xn--mooshusl-4za.com\/wordpress\/wp-content\/uploads\/2023\/06\/Aufenthaltsraum-3-768x512.jpg 768w, http:\/\/xn--mooshusl-4za.com\/wordpress\/wp-content\/uploads\/2023\/06\/Aufenthaltsraum-3-1536x1024.jpg 1536w, http:\/\/xn--mooshusl-4za.com\/wordpress\/wp-content\/uploads\/2023\/06\/Aufenthaltsraum-3-2048x1365.jpg 2048w\" sizes=\"(max-width: 1024px) 100vw, 1024px\" \/><\/a><\/figure>\n\n\n\n<figure class=\"wp-block-image size-large\"><a href=\"http:\/\/xn--mooshusl-4za.com\/wordpress\/wp-content\/uploads\/2023\/06\/Eingang-scaled.jpg\"><img decoding=\"async\" loading=\"lazy\" width=\"683\" height=\"1024\" data-id=\"1075\"  src=\"http:\/\/xn--mooshusl-4za.com\/wordpress\/wp-content\/uploads\/2023\/06\/Eingang-683x1024.jpg\" alt=\"\" class=\"wp-image-1075\" srcset=\"http:\/\/xn--mooshusl-4za.com\/wordpress\/wp-content\/uploads\/2023\/06\/Eingang-683x1024.jpg 683w, http:\/\/xn--mooshusl-4za.com\/wordpress\/wp-content\/uploads\/2023\/06\/Eingang-200x300.jpg 200w, http:\/\/xn--mooshusl-4za.com\/wordpress\/wp-content\/uploads\/2023\/06\/Eingang-768x1152.jpg 768w, http:\/\/xn--mooshusl-4za.com\/wordpress\/wp-content\/uploads\/2023\/06\/Eingang-1024x1536.jpg 1024w, http:\/\/xn--mooshusl-4za.com\/wordpress\/wp-content\/uploads\/2023\/06\/Eingang-1365x2048.jpg 1365w, http:\/\/xn--mooshusl-4za.com\/wordpress\/wp-content\/uploads\/2023\/06\/Eingang-scaled.jpg 1707w\" sizes=\"(max-width: 683px) 100vw, 683px\" \/><\/a><\/figure>\n\n\n\n<figure class=\"wp-block-image size-large\"><a href=\"http:\/\/xn--mooshusl-4za.com\/wordpress\/wp-content\/uploads\/2023\/06\/Eingang-2-scaled.jpg\"><img decoding=\"async\" loading=\"lazy\" width=\"1024\" height=\"683\" data-id=\"1079\"  src=\"http:\/\/xn--mooshusl-4za.com\/wordpress\/wp-content\/uploads\/2023\/06\/Eingang-2-1024x683.jpg\" alt=\"\" class=\"wp-image-1079\" srcset=\"http:\/\/xn--mooshusl-4za.com\/wordpress\/wp-content\/uploads\/2023\/06\/Eingang-2-1024x683.jpg 1024w, http:\/\/xn--mooshusl-4za.com\/wordpress\/wp-content\/uploads\/2023\/06\/Eingang-2-300x200.jpg 300w, http:\/\/xn--mooshusl-4za.com\/wordpress\/wp-content\/uploads\/2023\/06\/Eingang-2-768x512.jpg 768w, http:\/\/xn--mooshusl-4za.com\/wordpress\/wp-content\/uploads\/2023\/06\/Eingang-2-1536x1024.jpg 1536w, http:\/\/xn--mooshusl-4za.com\/wordpress\/wp-content\/uploads\/2023\/06\/Eingang-2-2048x1365.jpg 2048w\" sizes=\"(max-width: 1024px) 100vw, 1024px\" \/><\/a><\/figure>\n\n\n\n<figure class=\"wp-block-image size-large\"><a href=\"http:\/\/xn--mooshusl-4za.com\/wordpress\/wp-content\/uploads\/2023\/06\/Haus-1-scaled.jpg\"><img decoding=\"async\" loading=\"lazy\" width=\"768\" height=\"1024\" data-id=\"1072\"  src=\"http:\/\/xn--mooshusl-4za.com\/wordpress\/wp-content\/uploads\/2023\/06\/Haus-1-768x1024.jpg\" alt=\"\" class=\"wp-image-1072\" srcset=\"http:\/\/xn--mooshusl-4za.com\/wordpress\/wp-content\/uploads\/2023\/06\/Haus-1-768x1024.jpg 768w, http:\/\/xn--mooshusl-4za.com\/wordpress\/wp-content\/uploads\/2023\/06\/Haus-1-225x300.jpg 225w, http:\/\/xn--mooshusl-4za.com\/wordpress\/wp-content\/uploads\/2023\/06\/Haus-1-1152x1536.jpg 1152w, http:\/\/xn--mooshusl-4za.com\/wordpress\/wp-content\/uploads\/2023\/06\/Haus-1-1536x2048.jpg 1536w, http:\/\/xn--mooshusl-4za.com\/wordpress\/wp-content\/uploads\/2023\/06\/Haus-1-scaled.jpg 1920w\" sizes=\"(max-width: 768px) 100vw, 768px\" \/><\/a><\/figure>\n\n\n\n<figure class=\"wp-block-image size-large\"><a href=\"http:\/\/xn--mooshusl-4za.com\/wordpress\/wp-content\/uploads\/2023\/06\/Kaiserblick.jpg\"><img decoding=\"async\" loading=\"lazy\" width=\"765\" height=\"1024\" data-id=\"1073\"  src=\"http:\/\/xn--mooshusl-4za.com\/wordpress\/wp-content\/uploads\/2023\/06\/Kaiserblick-765x1024.jpg\" alt=\"\" class=\"wp-image-1073\" srcset=\"http:\/\/xn--mooshusl-4za.com\/wordpress\/wp-content\/uploads\/2023\/06\/Kaiserblick-765x1024.jpg 765w, http:\/\/xn--mooshusl-4za.com\/wordpress\/wp-content\/uploads\/2023\/06\/Kaiserblick-224x300.jpg 224w, http:\/\/xn--mooshusl-4za.com\/wordpress\/wp-content\/uploads\/2023\/06\/Kaiserblick-768x1028.jpg 768w, http:\/\/xn--mooshusl-4za.com\/wordpress\/wp-content\/uploads\/2023\/06\/Kaiserblick.jpg 968w\" sizes=\"(max-width: 765px) 100vw, 765px\" \/><\/a><\/figure>\n\n\n\n<figure class=\"wp-block-image size-large\"><a href=\"http:\/\/xn--mooshusl-4za.com\/wordpress\/wp-content\/uploads\/2023\/06\/Mooshaeusl-scaled.jpg\"><img decoding=\"async\" loading=\"lazy\" width=\"1024\" height=\"683\" data-id=\"1078\"  src=\"http:\/\/xn--mooshusl-4za.com\/wordpress\/wp-content\/uploads\/2023\/06\/Mooshaeusl-1024x683.jpg\" alt=\"\" class=\"wp-image-1078\" srcset=\"http:\/\/xn--mooshusl-4za.com\/wordpress\/wp-content\/uploads\/2023\/06\/Mooshaeusl-1024x683.jpg 1024w, http:\/\/xn--mooshusl-4za.com\/wordpress\/wp-content\/uploads\/2023\/06\/Mooshaeusl-300x200.jpg 300w, http:\/\/xn--mooshusl-4za.com\/wordpress\/wp-content\/uploads\/2023\/06\/Mooshaeusl-768x512.jpg 768w, http:\/\/xn--mooshusl-4za.com\/wordpress\/wp-content\/uploads\/2023\/06\/Mooshaeusl-1536x1024.jpg 1536w, http:\/\/xn--mooshusl-4za.com\/wordpress\/wp-content\/uploads\/2023\/06\/Mooshaeusl-2048x1365.jpg 2048w\" sizes=\"(max-width: 1024px) 100vw, 1024px\" \/><\/a><\/figure>\n\n\n\n<figure class=\"wp-block-image size-large\"><a href=\"http:\/\/xn--mooshusl-4za.com\/wordpress\/wp-content\/uploads\/2023\/06\/Mooshaeusl-nord-scaled.jpg\"><img decoding=\"async\" loading=\"lazy\" width=\"1024\" height=\"683\" data-id=\"1084\"  src=\"http:\/\/xn--mooshusl-4za.com\/wordpress\/wp-content\/uploads\/2023\/06\/Mooshaeusl-nord-1024x683.jpg\" alt=\"\" class=\"wp-image-1084\" srcset=\"http:\/\/xn--mooshusl-4za.com\/wordpress\/wp-content\/uploads\/2023\/06\/Mooshaeusl-nord-1024x683.jpg 1024w, http:\/\/xn--mooshusl-4za.com\/wordpress\/wp-content\/uploads\/2023\/06\/Mooshaeusl-nord-300x200.jpg 300w, http:\/\/xn--mooshusl-4za.com\/wordpress\/wp-content\/uploads\/2023\/06\/Mooshaeusl-nord-768x512.jpg 768w, http:\/\/xn--mooshusl-4za.com\/wordpress\/wp-content\/uploads\/2023\/06\/Mooshaeusl-nord-1536x1024.jpg 1536w, http:\/\/xn--mooshusl-4za.com\/wordpress\/wp-content\/uploads\/2023\/06\/Mooshaeusl-nord-2048x1365.jpg 2048w\" sizes=\"(max-width: 1024px) 100vw, 1024px\" \/><\/a><\/figure>\n\n\n\n<figure class=\"wp-block-image size-large\"><a href=\"http:\/\/xn--mooshusl-4za.com\/wordpress\/wp-content\/uploads\/2023\/06\/Unterberg.jpg\"><img decoding=\"async\" loading=\"lazy\" width=\"765\" height=\"1024\" data-id=\"1080\"  src=\"http:\/\/xn--mooshusl-4za.com\/wordpress\/wp-content\/uploads\/2023\/06\/Unterberg-765x1024.jpg\" alt=\"\" class=\"wp-image-1080\" srcset=\"http:\/\/xn--mooshusl-4za.com\/wordpress\/wp-content\/uploads\/2023\/06\/Unterberg-765x1024.jpg 765w, http:\/\/xn--mooshusl-4za.com\/wordpress\/wp-content\/uploads\/2023\/06\/Unterberg-224x300.jpg 224w, http:\/\/xn--mooshusl-4za.com\/wordpress\/wp-content\/uploads\/2023\/06\/Unterberg-768x1028.jpg 768w, http:\/\/xn--mooshusl-4za.com\/wordpress\/wp-content\/uploads\/2023\/06\/Unterberg.jpg 968w\" sizes=\"(max-width: 765px) 100vw, 765px\" \/><\/a><\/figure>\n\n\n\n<figure class=\"wp-block-image size-large\"><a href=\"http:\/\/xn--mooshusl-4za.com\/wordpress\/wp-content\/uploads\/2023\/06\/Unterberg-2.jpg\"><img decoding=\"async\" loading=\"lazy\" width=\"765\" height=\"1024\" data-id=\"1081\"  src=\"http:\/\/xn--mooshusl-4za.com\/wordpress\/wp-content\/uploads\/2023\/06\/Unterberg-2-765x1024.jpg\" alt=\"\" class=\"wp-image-1081\" srcset=\"http:\/\/xn--mooshusl-4za.com\/wordpress\/wp-content\/uploads\/2023\/06\/Unterberg-2-765x1024.jpg 765w, http:\/\/xn--mooshusl-4za.com\/wordpress\/wp-content\/uploads\/2023\/06\/Unterberg-2-224x300.jpg 224w, http:\/\/xn--mooshusl-4za.com\/wordpress\/wp-content\/uploads\/2023\/06\/Unterberg-2-768x1028.jpg 768w, http:\/\/xn--mooshusl-4za.com\/wordpress\/wp-content\/uploads\/2023\/06\/Unterberg-2.jpg 968w\" sizes=\"(max-width: 765px) 100vw, 765px\" \/><\/a><\/figure>\n\n\n\n<figure class=\"wp-block-image size-large\"><a href=\"http:\/\/xn--mooshusl-4za.com\/wordpress\/wp-content\/uploads\/2023\/06\/Waltraud-scaled.jpg\"><img decoding=\"async\" loading=\"lazy\" width=\"1024\" height=\"683\" data-id=\"1083\"  src=\"http:\/\/xn--mooshusl-4za.com\/wordpress\/wp-content\/uploads\/2023\/06\/Waltraud-1024x683.jpg\" alt=\"\" class=\"wp-image-1083\" srcset=\"http:\/\/xn--mooshusl-4za.com\/wordpress\/wp-content\/uploads\/2023\/06\/Waltraud-1024x683.jpg 1024w, http:\/\/xn--mooshusl-4za.com\/wordpress\/wp-content\/uploads\/2023\/06\/Waltraud-300x200.jpg 300w, http:\/\/xn--mooshusl-4za.com\/wordpress\/wp-content\/uploads\/2023\/06\/Waltraud-768x512.jpg 768w, http:\/\/xn--mooshusl-4za.com\/wordpress\/wp-content\/uploads\/2023\/06\/Waltraud-1536x1024.jpg 1536w, http:\/\/xn--mooshusl-4za.com\/wordpress\/wp-content\/uploads\/2023\/06\/Waltraud-2048x1365.jpg 2048w\" sizes=\"(max-width: 1024px) 100vw, 1024px\" \/><\/a><\/figure>\n\n\n\n<figure class=\"wp-block-image size-large\"><a href=\"http:\/\/xn--mooshusl-4za.com\/wordpress\/wp-content\/uploads\/2023\/06\/Wetterkreuz-scaled.jpg\"><img decoding=\"async\" loading=\"lazy\" width=\"1024\" height=\"683\" data-id=\"1085\"  src=\"http:\/\/xn--mooshusl-4za.com\/wordpress\/wp-content\/uploads\/2023\/06\/Wetterkreuz-1024x683.jpg\" alt=\"\" class=\"wp-image-1085\" srcset=\"http:\/\/xn--mooshusl-4za.com\/wordpress\/wp-content\/uploads\/2023\/06\/Wetterkreuz-1024x683.jpg 1024w, http:\/\/xn--mooshusl-4za.com\/wordpress\/wp-content\/uploads\/2023\/06\/Wetterkreuz-300x200.jpg 300w, http:\/\/xn--mooshusl-4za.com\/wordpress\/wp-content\/uploads\/2023\/06\/Wetterkreuz-768x512.jpg 768w, http:\/\/xn--mooshusl-4za.com\/wordpress\/wp-content\/uploads\/2023\/06\/Wetterkreuz-1536x1024.jpg 1536w, http:\/\/xn--mooshusl-4za.com\/wordpress\/wp-content\/uploads\/2023\/06\/Wetterkreuz-2048x1365.jpg 2048w\" sizes=\"(max-width: 1024px) 100vw, 1024px\" \/><\/a><\/figure>\n<\/figure>\n","protected":false},"excerpt":{"rendered":"<p>Liebe Besucher unserer Homepage, Wir w\u00fcrden uns freuen, bei Interesse, pers\u00f6nlich mit uns in Kontakt zu treten. Bitte senden Sie uns bei einer Buchung eine Nachricht per E-Mail an\u00a0 schuster@mooshaus.de damit wir die Buchung best\u00e4tigen k\u00f6nnen,\u00a0 nur mir einer Buchungsbest\u00e4tigung ist die Buchung g\u00fcltig.\u00a0 Waltraud und Werner Schuster 08640 1466 oder 0170 9329734 schuster@mooshaus.de Das &hellip; <a href=\"http:\/\/xn--mooshusl-4za.com\/wordpress\/\" class=\"more-link\"><span class=\"screen-reader-text\">Unser Haus<\/span> weiterlesen <span class=\"meta-nav\">&rarr;<\/span><\/a><\/p>\n","protected":false},"author":1,"featured_media":749,"parent":0,"menu_order":0,"comment_status":"closed","ping_status":"closed","template":"","meta":{"ngg_post_thumbnail":0},"_links":{"self":[{"href":"http:\/\/xn--mooshusl-4za.com\/wordpress\/wp-json\/wp\/v2\/pages\/25"}],"collection":[{"href":"http:\/\/xn--mooshusl-4za.com\/wordpress\/wp-json\/wp\/v2\/pages"}],"about":[{"href":"http:\/\/xn--mooshusl-4za.com\/wordpress\/wp-json\/wp\/v2\/types\/page"}],"author":[{"embeddable":true,"href":"http:\/\/xn--mooshusl-4za.com\/wordpress\/wp-json\/wp\/v2\/users\/1"}],"replies":[{"embeddable":true,"href":"http:\/\/xn--mooshusl-4za.com\/wordpress\/wp-json\/wp\/v2\/comments?post=25"}],"version-history":[{"count":70,"href":"http:\/\/xn--mooshusl-4za.com\/wordpress\/wp-json\/wp\/v2\/pages\/25\/revisions"}],"predecessor-version":[{"id":1137,"href":"http:\/\/xn--mooshusl-4za.com\/wordpress\/wp-json\/wp\/v2\/pages\/25\/revisions\/1137"}],"wp:featuredmedia":[{"embeddable":true,"href":"http:\/\/xn--mooshusl-4za.com\/wordpress\/wp-json\/wp\/v2\/media\/749"}],"wp:attachment":[{"href":"http:\/\/xn--mooshusl-4za.com\/wordpress\/wp-json\/wp\/v2\/media?parent=25"}],"curies":[{"name":"wp","href":"https:\/\/api.w.org\/{rel}","templated":true}]}}