{"id":14,"date":"2014-04-21T22:57:37","date_gmt":"2014-04-21T20:57:37","guid":{"rendered":"http:\/\/xn--mooshusl-4za.com\/wordpress\/?page_id=14"},"modified":"2019-05-20T07:11:38","modified_gmt":"2019-05-20T05:11:38","slug":"anreise","status":"publish","type":"page","link":"http:\/\/xn--mooshusl-4za.com\/wordpress\/anreise\/","title":{"rendered":"Anreise"},"content":{"rendered":"<p>So finden sie uns:<\/p>\n<p>Ferienhaus Moosh\u00e4usl<\/p>\n<p>Oberbichlerstra\u00dfe 3<\/p>\n<p>83242 Reit im Winkl<\/p>\n<p>Es besteht nat\u00fcrlich auch die M\u00f6gichkeit mit \u00d6ffentlichen Verkehrmittel anzureisen:<\/p>\n<p>\u00dcber passende Bus- und Zugverbindungen k\u00f6nnen sie sich hier informieren: <a href=\"https:\/\/www.rvo-bus.de\/rvo-de\/start\/\" target=\"blank\" rel=\"noopener noreferrer\">https:\/\/www.rvo-bus.de\/rvo-de\/start\/<\/a><\/p>\n<p>Wir holen sie auch gerne in Reit im Winkl von der Bushaltestelle ab!<\/p>\n","protected":false},"excerpt":{"rendered":"<p>So finden sie uns: Ferienhaus Moosh\u00e4usl Oberbichlerstra\u00dfe 3 83242 Reit im Winkl Es besteht nat\u00fcrlich auch die M\u00f6gichkeit mit \u00d6ffentlichen Verkehrmittel anzureisen: \u00dcber passende Bus- und Zugverbindungen k\u00f6nnen sie sich hier informieren: https:\/\/www.rvo-bus.de\/rvo-de\/start\/ Wir holen sie auch gerne in Reit im Winkl von der Bushaltestelle ab!<\/p>\n","protected":false},"author":1,"featured_media":0,"parent":0,"menu_order":0,"comment_status":"closed","ping_status":"closed","template":"","meta":{"ngg_post_thumbnail":0},"_links":{"self":[{"href":"http:\/\/xn--mooshusl-4za.com\/wordpress\/wp-json\/wp\/v2\/pages\/14"}],"collection":[{"href":"http:\/\/xn--mooshusl-4za.com\/wordpress\/wp-json\/wp\/v2\/pages"}],"about":[{"href":"http:\/\/xn--mooshusl-4za.com\/wordpress\/wp-json\/wp\/v2\/types\/page"}],"author":[{"embeddable":true,"href":"http:\/\/xn--mooshusl-4za.com\/wordpress\/wp-json\/wp\/v2\/users\/1"}],"replies":[{"embeddable":true,"href":"http:\/\/xn--mooshusl-4za.com\/wordpress\/wp-json\/wp\/v2\/comments?post=14"}],"version-history":[{"count":4,"href":"http:\/\/xn--mooshusl-4za.com\/wordpress\/wp-json\/wp\/v2\/pages\/14\/revisions"}],"predecessor-version":[{"id":704,"href":"http:\/\/xn--mooshusl-4za.com\/wordpress\/wp-json\/wp\/v2\/pages\/14\/revisions\/704"}],"wp:attachment":[{"href":"http:\/\/xn--mooshusl-4za.com\/wordpress\/wp-json\/wp\/v2\/media?parent=14"}],"curies":[{"name":"wp","href":"https:\/\/api.w.org\/{rel}","templated":true}]}}